{"id":7277,"date":"2022-12-02T10:16:50","date_gmt":"2022-12-02T09:16:50","guid":{"rendered":"https:\/\/azure.raytina.fr\/my-account\/"},"modified":"2025-08-07T15:57:17","modified_gmt":"2025-08-07T13:57:17","slug":"my-account","status":"publish","type":"page","link":"https:\/\/hostinger.raytina.fr\/en\/my-account\/","title":{"rendered":"My account"},"content":{"rendered":"\t\t<div data-elementor-type=\"wp-page\" data-elementor-id=\"7277\" class=\"elementor elementor-7277 elementor-3957\" data-elementor-post-type=\"page\">\n\t\t\t\t<div class=\"elementor-element elementor-element-3e8b483 e-flex e-con-boxed e-con e-parent\" data-id=\"3e8b483\" data-element_type=\"container\">\n\t\t\t\t\t<div class=\"e-con-inner\">\n\t\t<div class=\"elementor-element elementor-element-cea7ba6 e-flex e-con-boxed e-con e-child\" data-id=\"cea7ba6\" data-element_type=\"container\" data-settings=\"{&quot;background_background&quot;:&quot;classic&quot;}\">\n\t\t\t\t\t<div class=\"e-con-inner\">\n\t\t<div class=\"elementor-element elementor-element-e43798a e-flex e-con-boxed e-con e-child\" data-id=\"e43798a\" data-element_type=\"container\" data-settings=\"{&quot;background_background&quot;:&quot;classic&quot;}\">\n\t\t\t\t\t<div class=\"e-con-inner\">\n\t\t\t\t<div class=\"elementor-element elementor-element-3bd4f79 elementor-widget elementor-widget-heading\" data-id=\"3bd4f79\" data-element_type=\"widget\" data-widget_type=\"heading.default\">\n\t\t\t\t<div class=\"elementor-widget-container\">\n\t\t\t\t\t<h2 class=\"elementor-heading-title elementor-size-default\">My Account<\/h2>\t\t\t\t<\/div>\n\t\t\t\t<\/div>\n\t\t\t\t\t<\/div>\n\t\t\t\t<\/div>\n\t\t\t\t\t<\/div>\n\t\t\t\t<\/div>\n\t\t<div class=\"elementor-element elementor-element-59e0c00 e-flex e-con-boxed e-con e-child\" data-id=\"59e0c00\" data-element_type=\"container\">\n\t\t\t\t\t<div class=\"e-con-inner\">\n\t\t\t\t<div class=\"elementor-element elementor-element-f6d1562 e-my-account-tabs-vertical elementor-widget elementor-widget-woocommerce-my-account\" data-id=\"f6d1562\" data-element_type=\"widget\" data-widget_type=\"woocommerce-my-account.default\">\n\t\t\t\t<div class=\"elementor-widget-container\">\n\t\t\t\t\t<div class=\"e-my-account-tab e-my-account-tab__ \">\t\t\t<div class=\"woocommerce\"><\/div>\t\t<\/div>\n\t\t\t\t\t\t<\/div>\n\t\t\t\t<\/div>\n\t\t\t\t\t<\/div>\n\t\t\t\t<\/div>\n\t\t\t\t\t<\/div>\n\t\t\t\t<\/div>\n\t\t\t\t<\/div>\n\t\t","protected":false},"excerpt":{"rendered":"<p>My Account Dashboard Controls Downloads Addresses Account details Log off Hello Nicolas Borlet (not Nicolas Borlet? Log out) From your account dashboard you can view your recent orders, manage your shipping and billing addresses, and edit your password and account details.<\/p>\n","protected":false},"author":1,"featured_media":0,"parent":0,"menu_order":0,"comment_status":"closed","ping_status":"closed","template":"","meta":{"_acf_changed":false,"footnotes":""},"class_list":["post-7277","page","type-page","status-publish","hentry"],"acf":[],"yoast_head":"<!-- This site is optimized with the Yoast SEO Premium plugin v25.3.1 (Yoast SEO v25.6) - https:\/\/yoast.com\/wordpress\/plugins\/seo\/ -->\n<title>My account - Laguiole Andr\u00e9 Verdier<\/title>\n<meta name=\"robots\" content=\"noindex, follow, max-snippet:-1, max-image-preview:large, max-video-preview:-1\" \/>\n<meta property=\"og:locale\" content=\"en_US\" \/>\n<meta property=\"og:type\" content=\"article\" \/>\n<meta property=\"og:title\" content=\"My account\" \/>\n<meta property=\"og:description\" content=\"My Account Dashboard Controls Downloads Addresses Account details Log off Hello Nicolas Borlet (not Nicolas Borlet? Log out) From your account dashboard you can view your recent orders, manage your shipping and billing addresses, and edit your password and account details.\" \/>\n<meta property=\"og:url\" content=\"https:\/\/hostinger.raytina.fr\/en\/my-account\/\" \/>\n<meta property=\"og:site_name\" content=\"Laguiole Andr\u00e9 Verdier\" \/>\n<meta property=\"article:modified_time\" content=\"2025-08-07T13:57:17+00:00\" \/>\n<meta name=\"twitter:card\" content=\"summary_large_image\" \/>\n<script type=\"application\/ld+json\" class=\"yoast-schema-graph\">{\"@context\":\"https:\/\/schema.org\",\"@graph\":[{\"@type\":\"WebPage\",\"@id\":\"https:\/\/hostinger.raytina.fr\/en\/my-account\/\",\"url\":\"https:\/\/hostinger.raytina.fr\/en\/my-account\/\",\"name\":\"My account - Laguiole Andr\u00e9 Verdier\",\"isPartOf\":{\"@id\":\"https:\/\/hostinger.raytina.fr\/en\/#website\"},\"datePublished\":\"2022-12-02T09:16:50+00:00\",\"dateModified\":\"2025-08-07T13:57:17+00:00\",\"breadcrumb\":{\"@id\":\"https:\/\/hostinger.raytina.fr\/en\/my-account\/#breadcrumb\"},\"inLanguage\":\"en-US\",\"potentialAction\":[{\"@type\":\"ReadAction\",\"target\":[\"https:\/\/hostinger.raytina.fr\/en\/my-account\/\"]}]},{\"@type\":\"BreadcrumbList\",\"@id\":\"https:\/\/hostinger.raytina.fr\/en\/my-account\/#breadcrumb\",\"itemListElement\":[{\"@type\":\"ListItem\",\"position\":1,\"name\":\"Accueil\",\"item\":\"https:\/\/hostinger.raytina.fr\/en\/\"},{\"@type\":\"ListItem\",\"position\":2,\"name\":\"My Account\"}]},{\"@type\":\"WebSite\",\"@id\":\"https:\/\/hostinger.raytina.fr\/en\/#website\",\"url\":\"https:\/\/hostinger.raytina.fr\/en\/\",\"name\":\"Laguiole Andr\u00e9 Verdier\",\"description\":\"Vrais couteaux Laguiole Andr\u00e9 VERDIER fabriqu\u00e9s 100% dans notre manufacture \u00e0 Celles-sur-Durolles\",\"publisher\":{\"@id\":\"https:\/\/hostinger.raytina.fr\/en\/#organization\"},\"potentialAction\":[{\"@type\":\"SearchAction\",\"target\":{\"@type\":\"EntryPoint\",\"urlTemplate\":\"https:\/\/hostinger.raytina.fr\/en\/?s={search_term_string}\"},\"query-input\":{\"@type\":\"PropertyValueSpecification\",\"valueRequired\":true,\"valueName\":\"search_term_string\"}}],\"inLanguage\":\"en-US\"},{\"@type\":\"Organization\",\"@id\":\"https:\/\/hostinger.raytina.fr\/en\/#organization\",\"name\":\"Laguiole Andr\u00e9 Verdier\",\"url\":\"https:\/\/hostinger.raytina.fr\/en\/\",\"logo\":{\"@type\":\"ImageObject\",\"inLanguage\":\"en-US\",\"@id\":\"https:\/\/hostinger.raytina.fr\/en\/#\/schema\/logo\/image\/\",\"url\":\"https:\/\/hostinger.raytina.fr\/wp-content\/uploads\/2025\/08\/Capture_d_ecran_2022-01-10_a_18.05.47-removebg-preview.png\",\"contentUrl\":\"https:\/\/hostinger.raytina.fr\/wp-content\/uploads\/2025\/08\/Capture_d_ecran_2022-01-10_a_18.05.47-removebg-preview.png\",\"width\":699,\"height\":222,\"caption\":\"Laguiole Andr\u00e9 Verdier\"},\"image\":{\"@id\":\"https:\/\/hostinger.raytina.fr\/en\/#\/schema\/logo\/image\/\"}}]}<\/script>\n<!-- \/ Yoast SEO Premium plugin. -->","yoast_head_json":{"title":"My account - Laguiole Andr\u00e9 Verdier","robots":{"index":"noindex","follow":"follow","max-snippet":"max-snippet:-1","max-image-preview":"max-image-preview:large","max-video-preview":"max-video-preview:-1"},"og_locale":"en_US","og_type":"article","og_title":"My account","og_description":"My Account Dashboard Controls Downloads Addresses Account details Log off Hello Nicolas Borlet (not Nicolas Borlet? Log out) From your account dashboard you can view your recent orders, manage your shipping and billing addresses, and edit your password and account details.","og_url":"https:\/\/hostinger.raytina.fr\/en\/my-account\/","og_site_name":"Laguiole Andr\u00e9 Verdier","article_modified_time":"2025-08-07T13:57:17+00:00","twitter_card":"summary_large_image","schema":{"@context":"https:\/\/schema.org","@graph":[{"@type":"WebPage","@id":"https:\/\/hostinger.raytina.fr\/en\/my-account\/","url":"https:\/\/hostinger.raytina.fr\/en\/my-account\/","name":"My account - Laguiole Andr\u00e9 Verdier","isPartOf":{"@id":"https:\/\/hostinger.raytina.fr\/en\/#website"},"datePublished":"2022-12-02T09:16:50+00:00","dateModified":"2025-08-07T13:57:17+00:00","breadcrumb":{"@id":"https:\/\/hostinger.raytina.fr\/en\/my-account\/#breadcrumb"},"inLanguage":"en-US","potentialAction":[{"@type":"ReadAction","target":["https:\/\/hostinger.raytina.fr\/en\/my-account\/"]}]},{"@type":"BreadcrumbList","@id":"https:\/\/hostinger.raytina.fr\/en\/my-account\/#breadcrumb","itemListElement":[{"@type":"ListItem","position":1,"name":"Accueil","item":"https:\/\/hostinger.raytina.fr\/en\/"},{"@type":"ListItem","position":2,"name":"My Account"}]},{"@type":"WebSite","@id":"https:\/\/hostinger.raytina.fr\/en\/#website","url":"https:\/\/hostinger.raytina.fr\/en\/","name":"Laguiole Andr\u00e9 Verdier","description":"Vrais couteaux Laguiole Andr\u00e9 VERDIER fabriqu\u00e9s 100% dans notre manufacture \u00e0 Celles-sur-Durolles","publisher":{"@id":"https:\/\/hostinger.raytina.fr\/en\/#organization"},"potentialAction":[{"@type":"SearchAction","target":{"@type":"EntryPoint","urlTemplate":"https:\/\/hostinger.raytina.fr\/en\/?s={search_term_string}"},"query-input":{"@type":"PropertyValueSpecification","valueRequired":true,"valueName":"search_term_string"}}],"inLanguage":"en-US"},{"@type":"Organization","@id":"https:\/\/hostinger.raytina.fr\/en\/#organization","name":"Laguiole Andr\u00e9 Verdier","url":"https:\/\/hostinger.raytina.fr\/en\/","logo":{"@type":"ImageObject","inLanguage":"en-US","@id":"https:\/\/hostinger.raytina.fr\/en\/#\/schema\/logo\/image\/","url":"https:\/\/hostinger.raytina.fr\/wp-content\/uploads\/2025\/08\/Capture_d_ecran_2022-01-10_a_18.05.47-removebg-preview.png","contentUrl":"https:\/\/hostinger.raytina.fr\/wp-content\/uploads\/2025\/08\/Capture_d_ecran_2022-01-10_a_18.05.47-removebg-preview.png","width":699,"height":222,"caption":"Laguiole Andr\u00e9 Verdier"},"image":{"@id":"https:\/\/hostinger.raytina.fr\/en\/#\/schema\/logo\/image\/"}}]}},"_links":{"self":[{"href":"https:\/\/hostinger.raytina.fr\/en\/wp-json\/wp\/v2\/pages\/7277","targetHints":{"allow":["GET"]}}],"collection":[{"href":"https:\/\/hostinger.raytina.fr\/en\/wp-json\/wp\/v2\/pages"}],"about":[{"href":"https:\/\/hostinger.raytina.fr\/en\/wp-json\/wp\/v2\/types\/page"}],"author":[{"embeddable":true,"href":"https:\/\/hostinger.raytina.fr\/en\/wp-json\/wp\/v2\/users\/1"}],"replies":[{"embeddable":true,"href":"https:\/\/hostinger.raytina.fr\/en\/wp-json\/wp\/v2\/comments?post=7277"}],"version-history":[{"count":0,"href":"https:\/\/hostinger.raytina.fr\/en\/wp-json\/wp\/v2\/pages\/7277\/revisions"}],"wp:attachment":[{"href":"https:\/\/hostinger.raytina.fr\/en\/wp-json\/wp\/v2\/media?parent=7277"}],"curies":[{"name":"wp","href":"https:\/\/api.w.org\/{rel}","templated":true}]}}